{"id":718,"date":"2022-12-10T17:35:29","date_gmt":"2022-12-10T16:35:29","guid":{"rendered":"https:\/\/www.mediationloest.at\/?page_id=718"},"modified":"2025-01-14T08:23:29","modified_gmt":"2025-01-14T07:23:29","slug":"ueber-den-verein","status":"publish","type":"page","link":"https:\/\/www.mediationloest.at\/home\/ueber-den-verein\/","title":{"rendered":"\u00dcber den Verein"},"content":{"rendered":"\t<section class=\"section\" id=\"section_1504661106\">\n\t\t<div class=\"bg section-bg fill bg-fill bg-loaded bg-loaded\" >\n\n\t\t\t\n\t\t\t\n\t\t\t\n\n\t\t<\/div>\n\n\t\t\n\n\t\t<div class=\"section-content relative\">\n\t\t\t\n<h3 style=\"text-align: center;\"><span style=\"font-size: 34px;\">DER VEREIN<\/span><\/h3>\n\t<div id=\"text-2692657327\" class=\"text\">\n\t\t\n<p style=\"font-weight: 400;\">Aus unterschiedlichsten Berufen und verschiedenen Ecken \u00d6sterreichs kommend, hat uns von Anfang an unsere gemeinsame Berufung verbunden: die Mediation.<\/p>\n<p style=\"font-weight: 400;\">In der heutigen schnelllebigen Zeit wird es immer wichtiger, wieder aktiv und ohne Ablenkung zuzuh\u00f6ren und unsere Gespr\u00e4chspartnerinnen wahrzunehmen. Auseinandersetzungen, Kritik und Konflikte sind menschlich und allgegenw\u00e4rtig. Umso wichtiger ist es, den richtigen Umgang damit zu finden, Chancen darin zu erkennen und Spannungen nachhaltig sowie zukunftsorientiert zu l\u00f6sen.<\/p>\n<p style=\"font-weight: 400;\">Es ist uns ein Anliegen, die nachhaltige Wirkung von Mediation und deren wertsch\u00e4tzenden Umgang mit Meinungsverschiedenheiten und Konflikten bekannter zu machen. Daher haben wir uns zu einem Verein zusammengefunden, der beschreibt, wof\u00fcr wir stehen: Mediation l\u00f6st.<\/p>\n<p>\u201eZiel eines Konflikts soll nicht der Sieg, sondern der Fortschritt sein.\u201c<br \/>\n<span style=\"font-size: 80%;\">(Joseph Joubert)<\/span><\/p>\n<p style=\"font-weight: 400;\"><span style=\"font-size: 100%;\"><strong>Unsere Vision<\/strong>: Mediation als zukunftsorientierte M\u00f6glichkeit der au\u00dfergerichtlichen Konfliktl\u00f6sung bekannt zu machen und in unserer Gesellschaft zu etablieren.<\/span><\/p>\n\t\t\n<style>\n#text-2692657327 {\n  font-size: 1.1rem;\n}\n@media (min-width:550px) {\n  #text-2692657327 {\n    font-size: 1.25rem;\n  }\n}\n<\/style>\n\t<\/div>\n\t\n\t<div class=\"img has-hover x md-x lg-x y md-y lg-y\" id=\"image_2008336454\">\n\t\t\t\t\t\t\t\t<div class=\"img-inner dark\" >\n\t\t\t<img width=\"1536\" height=\"1152\" src=\"https:\/\/www.mediationloest.at\/wp-content\/uploads\/2023\/03\/Vereinsmitglieder-1536x1152.jpg\" class=\"attachment-1536x1536 size-1536x1536\" alt=\"\" decoding=\"async\" srcset=\"https:\/\/www.mediationloest.at\/wp-content\/uploads\/2023\/03\/Vereinsmitglieder-1536x1152.jpg 1536w, https:\/\/www.mediationloest.at\/wp-content\/uploads\/2023\/03\/Vereinsmitglieder-533x400.jpg 533w, https:\/\/www.mediationloest.at\/wp-content\/uploads\/2023\/03\/Vereinsmitglieder-1067x800.jpg 1067w, https:\/\/www.mediationloest.at\/wp-content\/uploads\/2023\/03\/Vereinsmitglieder-768x576.jpg 768w, https:\/\/www.mediationloest.at\/wp-content\/uploads\/2023\/03\/Vereinsmitglieder.jpg 1920w\" sizes=\"(max-width: 1536px) 100vw, 1536px\" \/>\t\t\t\t\t\t\n\t\t\t\t\t<\/div>\n\t\t\t\t\t\t\t\t\n<style>\n#image_2008336454 {\n  width: 100%;\n}\n<\/style>\n\t<\/div>\n\t\n\t<div id=\"gap-230662082\" class=\"gap-element clearfix\" style=\"display:block; height:auto;\">\n\t\t\n<style>\n#gap-230662082 {\n  padding-top: 30px;\n}\n<\/style>\n\t<\/div>\n\t\n<h3 style=\"text-align: center;\">Unsere Vereinsmitglieder<\/h3>\n\t\t<\/div>\n\n\t\t\n<style>\n#section_1504661106 {\n  padding-top: 0px;\n  padding-bottom: 0px;\n}\n#section_1504661106 .ux-shape-divider--top svg {\n  height: 150px;\n  --divider-top-width: 100%;\n}\n#section_1504661106 .ux-shape-divider--bottom svg {\n  height: 150px;\n  --divider-width: 100%;\n}\n<\/style>\n\t<\/section>\n\t\n","protected":false},"excerpt":{"rendered":"","protected":false},"author":1,"featured_media":0,"parent":0,"menu_order":0,"comment_status":"closed","ping_status":"closed","template":"","meta":[],"_links":{"self":[{"href":"https:\/\/www.mediationloest.at\/home\/wp-json\/wp\/v2\/pages\/718"}],"collection":[{"href":"https:\/\/www.mediationloest.at\/home\/wp-json\/wp\/v2\/pages"}],"about":[{"href":"https:\/\/www.mediationloest.at\/home\/wp-json\/wp\/v2\/types\/page"}],"author":[{"embeddable":true,"href":"https:\/\/www.mediationloest.at\/home\/wp-json\/wp\/v2\/users\/1"}],"replies":[{"embeddable":true,"href":"https:\/\/www.mediationloest.at\/home\/wp-json\/wp\/v2\/comments?post=718"}],"version-history":[{"count":10,"href":"https:\/\/www.mediationloest.at\/home\/wp-json\/wp\/v2\/pages\/718\/revisions"}],"predecessor-version":[{"id":2722,"href":"https:\/\/www.mediationloest.at\/home\/wp-json\/wp\/v2\/pages\/718\/revisions\/2722"}],"wp:attachment":[{"href":"https:\/\/www.mediationloest.at\/home\/wp-json\/wp\/v2\/media?parent=718"}],"curies":[{"name":"wp","href":"https:\/\/api.w.org\/{rel}","templated":true}]}}