{"id":714,"date":"2022-12-10T17:35:02","date_gmt":"2022-12-10T16:35:02","guid":{"rendered":"https:\/\/www.mediationloest.at\/?page_id=714"},"modified":"2025-01-14T08:15:51","modified_gmt":"2025-01-14T07:15:51","slug":"presse","status":"publish","type":"page","link":"https:\/\/www.mediationloest.at\/home\/presse\/","title":{"rendered":"Presse"},"content":{"rendered":"\t<section class=\"section\" id=\"section_1041527849\">\n\t\t<div class=\"bg section-bg fill bg-fill bg-loaded bg-loaded\" >\n\n\t\t\t\n\t\t\t\n\t\t\t\n\n\t\t<\/div>\n\n\t\t\n\n\t\t<div class=\"section-content relative\">\n\t\t\t\n<h3 style=\"text-align: center;\"><span style=\"font-size: 34px;\">PRESSE<\/span><\/h3>\n\t<div id=\"text-2601198267\" class=\"text\">\n\t\t\n<p>Nachfolgend finden sich presserelevante Informationen zu unserem Verein. Bei Fragen zu Mediation L\u00f6st stehen wir jederzeit gerne zur Verf\u00fcgung.<\/p>\n<p>&nbsp;<\/p>\n<h3>Salzburger Nachrichten I 16. Mai 2023<\/h3>\n<p>Sie l\u00f6sen die Konflikte der anderen.<br \/>\nGerichtsverfahren sind teuer und enden immer mit Gewinnern und einem Verlierern. Ein neuer Verein will Mediation als Alternative bekannter machen.<\/p>\n<p><a href=\"https:\/\/www.mediationloest.at\/wp-content\/uploads\/2023\/05\/SN-Artikel-Mediation-loest.pdf\">Download pdf<\/a><\/p>\n<h3>Pressemitteilung I 8. M\u00e4rz 2023<\/h3>\n<p>NEUGR\u00dcNDUNG: Der Verein &#8222;Mediation L\u00f6st&#8220; stellt sich vor<br \/>\nSalzburg, Tirol (OTS) &#8211; Ausgebildete MediatorInnen aus Salzburg und Tirol gr\u00fcnden Verein zur F\u00f6rderung von Mediation als au\u00dfergerichtliches Streitbeilegungsverfahren.<\/p>\n<p><a href=\"https:\/\/www.mediationloest.at\/wp-content\/uploads\/2023\/03\/20230308_OTS_Mediation-Loest.pdf\">Download pdf<\/a> \u00a0I \u00a0<a href=\"https:\/\/www.ots.at\/presseaussendung\/OTS_20230308_OTS0027\" target=\"_blank\" rel=\"noopener\">Link zur vollst\u00e4ndigen Mitteilung<\/a><\/p>\n<h3>Bezirksbl\u00e4tter Tirol I 11. April 2023<\/h3>\n<p>Der Verein &#8222;Mediation L\u00f6st&#8220; hat sich zum Ziel gesetzt, Mediation als au\u00dfergerichtliches Streitbeilegungsverfahren in der \u00d6ffentlichkeit bekannter zu machen und den Zugang zu Mediationsverfahren zu erleichtern. Besonderen Fokus legt man auch auf die (fr\u00fchzeitige) Pr\u00e4vention von Konflikten.<\/p>\n<p><a href=\"https:\/\/www.meinbezirk.at\/kitzbuehel\/c-gedanken\/mediation-bekannter-und-leichter-zugaenglich-machen_a5979518#gallery=null\" target=\"_blank\" rel=\"noopener\">Link zum Artikel<\/a><\/p>\n\t\t\n<style>\n#text-2601198267 {\n  font-size: 1.6rem;\n}\n@media (min-width:550px) {\n  #text-2601198267 {\n    font-size: 1.25rem;\n  }\n}\n<\/style>\n\t<\/div>\n\t\n<p>&nbsp;<\/p>\n\t<div class=\"img has-hover x md-x lg-x y md-y lg-y\" id=\"image_1688262887\">\n\t\t\t\t\t\t\t\t<div class=\"img-inner dark\" >\n\t\t\t<img width=\"1536\" height=\"768\" src=\"https:\/\/www.mediationloest.at\/wp-content\/uploads\/2023\/03\/shutterstock_2096772814-1536x768.jpg\" class=\"attachment-1536x1536 size-1536x1536\" alt=\"\" decoding=\"async\" srcset=\"https:\/\/www.mediationloest.at\/wp-content\/uploads\/2023\/03\/shutterstock_2096772814-1536x768.jpg 1536w, https:\/\/www.mediationloest.at\/wp-content\/uploads\/2023\/03\/shutterstock_2096772814-800x400.jpg 800w, https:\/\/www.mediationloest.at\/wp-content\/uploads\/2023\/03\/shutterstock_2096772814-1400x700.jpg 1400w, https:\/\/www.mediationloest.at\/wp-content\/uploads\/2023\/03\/shutterstock_2096772814-768x384.jpg 768w, https:\/\/www.mediationloest.at\/wp-content\/uploads\/2023\/03\/shutterstock_2096772814.jpg 1920w\" sizes=\"(max-width: 1536px) 100vw, 1536px\" \/>\t\t\t\t\t\t\n\t\t\t\t\t<\/div>\n\t\t\t\t\t\t\t\t\n<style>\n#image_1688262887 {\n  width: 100%;\n}\n<\/style>\n\t<\/div>\n\t\n\t\t<\/div>\n\n\t\t\n<style>\n#section_1041527849 {\n  padding-top: 0px;\n  padding-bottom: 0px;\n}\n#section_1041527849 .ux-shape-divider--top svg {\n  height: 150px;\n  --divider-top-width: 100%;\n}\n#section_1041527849 .ux-shape-divider--bottom svg {\n  height: 150px;\n  --divider-width: 100%;\n}\n<\/style>\n\t<\/section>\n\t\n","protected":false},"excerpt":{"rendered":"","protected":false},"author":1,"featured_media":0,"parent":0,"menu_order":0,"comment_status":"closed","ping_status":"closed","template":"","meta":[],"_links":{"self":[{"href":"https:\/\/www.mediationloest.at\/home\/wp-json\/wp\/v2\/pages\/714"}],"collection":[{"href":"https:\/\/www.mediationloest.at\/home\/wp-json\/wp\/v2\/pages"}],"about":[{"href":"https:\/\/www.mediationloest.at\/home\/wp-json\/wp\/v2\/types\/page"}],"author":[{"embeddable":true,"href":"https:\/\/www.mediationloest.at\/home\/wp-json\/wp\/v2\/users\/1"}],"replies":[{"embeddable":true,"href":"https:\/\/www.mediationloest.at\/home\/wp-json\/wp\/v2\/comments?post=714"}],"version-history":[{"count":10,"href":"https:\/\/www.mediationloest.at\/home\/wp-json\/wp\/v2\/pages\/714\/revisions"}],"predecessor-version":[{"id":2813,"href":"https:\/\/www.mediationloest.at\/home\/wp-json\/wp\/v2\/pages\/714\/revisions\/2813"}],"wp:attachment":[{"href":"https:\/\/www.mediationloest.at\/home\/wp-json\/wp\/v2\/media?parent=714"}],"curies":[{"name":"wp","href":"https:\/\/api.w.org\/{rel}","templated":true}]}}