{"id":673,"date":"2022-11-27T23:07:13","date_gmt":"2022-11-27T22:07:13","guid":{"rendered":"https:\/\/www.mediationloest.at\/?page_id=673"},"modified":"2025-01-14T08:14:00","modified_gmt":"2025-01-14T07:14:00","slug":"impressum","status":"publish","type":"page","link":"https:\/\/www.mediationloest.at\/home\/impressum\/","title":{"rendered":"Impressum"},"content":{"rendered":"\t\t<div data-elementor-type=\"wp-page\" data-elementor-id=\"673\" class=\"elementor elementor-673\">\n\t\t\t\t\t\t\t\t\t<section class=\"elementor-section elementor-top-section elementor-element elementor-element-07da1c5 elementor-section-boxed elementor-section-height-default elementor-section-height-default\" data-id=\"07da1c5\" data-element_type=\"section\">\n\t\t\t\t\t\t<div class=\"elementor-container elementor-column-gap-default\">\n\t\t\t\t\t<div class=\"elementor-column elementor-col-100 elementor-top-column elementor-element elementor-element-533f2c3\" data-id=\"533f2c3\" data-element_type=\"column\">\n\t\t\t<div class=\"elementor-widget-wrap elementor-element-populated\">\n\t\t\t\t\t\t\t\t<div class=\"elementor-element elementor-element-45aa8a4 elementor-widget elementor-widget-text-editor\" data-id=\"45aa8a4\" data-element_type=\"widget\" data-widget_type=\"text-editor.default\">\n\t\t\t\t<div class=\"elementor-widget-container\">\n\t\t\t<style>\/*! elementor - v3.11.2 - 22-02-2023 *\/\n.elementor-widget-text-editor.elementor-drop-cap-view-stacked .elementor-drop-cap{background-color:#818a91;color:#fff}.elementor-widget-text-editor.elementor-drop-cap-view-framed .elementor-drop-cap{color:#818a91;border:3px solid;background-color:transparent}.elementor-widget-text-editor:not(.elementor-drop-cap-view-default) .elementor-drop-cap{margin-top:8px}.elementor-widget-text-editor:not(.elementor-drop-cap-view-default) .elementor-drop-cap-letter{width:1em;height:1em}.elementor-widget-text-editor .elementor-drop-cap{float:left;text-align:center;line-height:1;font-size:50px}.elementor-widget-text-editor .elementor-drop-cap-letter{display:inline-block}<\/style>\t\t\t\t<p><span style=\"color: #282828;\"><strong>Mediation L\u00f6st<\/strong><\/span><br><span style=\"color: #282828;\"><strong>Maxglaner Hauptstra\u00dfe 45<\/strong><\/span><br><span style=\"color: #282828;\"><strong>5020 Salzburg<\/strong><\/span><br><span style=\"color: #282828;\"><strong>\u00d6sterreich<\/strong><\/span><\/p>\n<p><span style=\"color: #282828;\"><strong>Tel.:<\/strong>&nbsp;+43 (0)670 650 1372<\/span><br><span style=\"color: #282828;\"><strong>E-Mail:<\/strong> <a href=\"mailto:info@mediationloest.at\">info@mediationloest.at<\/a><\/span><\/p>\n<p><span style=\"color: #282828;\"><strong>Vereinsregisternummer:<\/strong> 155484803<\/span><\/p>\n<p><strong><span style=\"color: #282828;\"> Vereinszweck<\/span><\/strong><br><span style=\"color: #282828;\">Der Verein, dessen T\u00e4tigkeit unpolitisch und nicht auf Gewinn gerichtet ist, bezweckt<\/span><br><span style=\"color: #282828;\">1. &nbsp; &nbsp; das verst\u00e4rkte Bekanntmachen von Mediation als konstruktiver Konfliktl\u00f6sungsmethode<\/span><br><span style=\"color: #282828;\">2. &nbsp; &nbsp; das Aufzeigen der Vorteile von Mediation sowie<\/span><br><span style=\"color: #282828;\">3. &nbsp; &nbsp; die Vereinfachung des Zugangs zur Mediation.<\/span><\/p>\n<p><span style=\"color: #282828;\"><strong>Verleihungsstaat:<\/strong> \u00d6sterreich<\/span><\/p>\n<p><span style=\"color: #282828;\"><strong>Kammer:<\/strong> Wirtschaftskammer Salzburg<\/span><\/p>\t\t\t\t\t\t<\/div>\n\t\t\t\t<\/div>\n\t\t\t\t<div class=\"elementor-element elementor-element-edc4570 elementor-widget elementor-widget-text-editor\" data-id=\"edc4570\" data-element_type=\"widget\" data-widget_type=\"text-editor.default\">\n\t\t\t\t<div class=\"elementor-widget-container\">\n\t\t\t\t\t\t\t<p><span style=\"color: #282828;\">Allparteilichkeit ist ein grundlegendes Prinzip in der Mediation. Die Mitglieder des Vereins \u201eMediation l\u00f6st\u201c sehen dies nicht nur als Werkzeug in ihrer T\u00e4tigkeit, sondern als Haltung gegen\u00fcber allen Menschen, ungeachtet ihrer Herkunft, ihrer sexuellen Orientierung, ihres Glaubens oder ihrer Religion, ihrer Sprache, ihrer Kultur, ihrer Weltanschauung, ihres Alters, ihrer Lebensumst\u00e4nde \u2013 und nat\u00fcrlich ihres Geschlechts bzw. ihrer Geschlechtsidentit\u00e4t. Auf unserer Homepage haben wir versucht, diesem Prinzip im Hinblick auf das vieldiskutierte Gendern gerecht zu werden. Aus den zahlreichen Argumenten f\u00fcr und gegen bestimmte Formen und Abbildungen haben wir uns f\u00fcr diesen Weg entschieden: Wir verwenden abwechselnd unterschiedliche Formen, mal weibliche, mal m\u00e4nnliche, mal non-bin\u00e4re, im Singular wie im Plural. Alle Menschen sind eingeladen, sich in der verwendeten Form mitgemeint zu f\u00fchlen, auch wenn sie nicht dezidiert angesprochen sind. Aus unserer Sicht sind damit die wichtigsten Kriterien erf\u00fcllt: Inklusive Sprache UND fl\u00fcssige Lesbarkeit. Dar\u00fcber hinaus zeigt sich unsere \u00dcberzeugung, dass unsere komplexe Welt nicht vereinheitlicht dargestellt werden kann, ohne wichtige Inhalte zu verlieren. Die Welt ist nicht schwarz oder wei\u00df und eben auch nicht m\u00e4nnlich oder weiblich, sondern alles das und auch alles dazwischen.<\/span><\/p>\t\t\t\t\t\t<\/div>\n\t\t\t\t<\/div>\n\t\t\t\t\t<\/div>\n\t\t<\/div>\n\t\t\t\t\t\t\t<\/div>\n\t\t<\/section>\n\t\t\t\t\t\t\t<\/div>\n\t\t","protected":false},"excerpt":{"rendered":"<p>Mediation L\u00f6st Maxglaner Hauptstra\u00dfe 45 5020 Salzburg \u00d6sterreich Tel.:\u00a0+43 (0)670 650 1372 E-Mail: info@mediationloest.at Vereinsregisternummer: 155484803 Vereinszweck Der Verein, dessen T\u00e4tigkeit unpolitisch und nicht auf Gewinn gerichtet ist, bezweckt 1. \u00a0 \u00a0 das verst\u00e4rkte Bekanntmachen von Mediation als konstruktiver Konfliktl\u00f6sungsmethode 2. \u00a0 \u00a0 das Aufzeigen der Vorteile von Mediation sowie 3. \u00a0 \u00a0 die Vereinfachung [&#8230;]\n","protected":false},"author":1,"featured_media":0,"parent":0,"menu_order":0,"comment_status":"closed","ping_status":"closed","template":"","meta":[],"_links":{"self":[{"href":"https:\/\/www.mediationloest.at\/home\/wp-json\/wp\/v2\/pages\/673"}],"collection":[{"href":"https:\/\/www.mediationloest.at\/home\/wp-json\/wp\/v2\/pages"}],"about":[{"href":"https:\/\/www.mediationloest.at\/home\/wp-json\/wp\/v2\/types\/page"}],"author":[{"embeddable":true,"href":"https:\/\/www.mediationloest.at\/home\/wp-json\/wp\/v2\/users\/1"}],"replies":[{"embeddable":true,"href":"https:\/\/www.mediationloest.at\/home\/wp-json\/wp\/v2\/comments?post=673"}],"version-history":[{"count":11,"href":"https:\/\/www.mediationloest.at\/home\/wp-json\/wp\/v2\/pages\/673\/revisions"}],"predecessor-version":[{"id":2898,"href":"https:\/\/www.mediationloest.at\/home\/wp-json\/wp\/v2\/pages\/673\/revisions\/2898"}],"wp:attachment":[{"href":"https:\/\/www.mediationloest.at\/home\/wp-json\/wp\/v2\/media?parent=673"}],"curies":[{"name":"wp","href":"https:\/\/api.w.org\/{rel}","templated":true}]}}